{"id":60,"date":"2024-03-30T09:52:27","date_gmt":"2024-03-30T15:52:27","guid":{"rendered":"https:\/\/test.eurowindowsmexico.com\/?page_id=60"},"modified":"2025-01-13T10:11:52","modified_gmt":"2025-01-13T16:11:52","slug":"contact","status":"publish","type":"page","link":"https:\/\/eurowindowsmexico.com\/en\/contact\/","title":{"rendered":"Contact"},"content":{"rendered":"\n<div class=\"wp-block-group alignfull has-base-background-color has-background is-layout-flow wp-block-group-is-layout-flow\" style=\"margin-top:0;margin-bottom:0;padding-top:var(--wp--preset--spacing--50);padding-right:var(--wp--preset--spacing--50);padding-bottom:var(--wp--preset--spacing--50);padding-left:var(--wp--preset--spacing--50)\">\n<div class=\"wp-block-columns alignwide is-layout-flex wp-container-core-columns-is-layout-eed4adda wp-block-columns-is-layout-flex\">\n<div class=\"wp-block-column is-vertically-aligned-stretch has-global-padding is-layout-constrained wp-block-column-is-layout-constrained\" style=\"--col-width:30%;flex-basis:30%\">\n<div class=\"wp-block-group alignfull tw-stretched-link is-content-justification-left is-nowrap is-layout-flex wp-container-core-group-is-layout-fc9f69e7 wp-block-group-is-layout-flex\">\n<h2 class=\"wp-block-heading has-heading-font-family has-xx-large-font-size\">Chat <\/h2>\n\n\n\n<ul class=\"wp-block-social-links aligncenter has-huge-icon-size is-style-default tw-hover-opacity-down is-content-justification-center is-layout-flex wp-container-core-social-links-is-layout-d3fb2af9 wp-block-social-links-is-layout-flex\" style=\"margin-top:var(--wp--preset--spacing--20);margin-bottom:0\"><li class=\"wp-social-link wp-social-link-whatsapp  wp-block-social-link\"><a href=\"https:\/\/wa.me\/+523221336244\" class=\"wp-block-social-link-anchor\"><svg width=\"24\" height=\"24\" viewBox=\"0 0 24 24\" version=\"1.1\" xmlns=\"http:\/\/www.w3.org\/2000\/svg\" aria-hidden=\"true\" focusable=\"false\"><path d=\"M 12.011719 2 C 6.5057187 2 2.0234844 6.478375 2.0214844 11.984375 C 2.0204844 13.744375 2.4814687 15.462563 3.3554688 16.976562 L 2 22 L 7.2324219 20.763672 C 8.6914219 21.559672 10.333859 21.977516 12.005859 21.978516 L 12.009766 21.978516 C 17.514766 21.978516 21.995047 17.499141 21.998047 11.994141 C 22.000047 9.3251406 20.962172 6.8157344 19.076172 4.9277344 C 17.190172 3.0407344 14.683719 2.001 12.011719 2 z M 12.009766 4 C 14.145766 4.001 16.153109 4.8337969 17.662109 6.3417969 C 19.171109 7.8517969 20.000047 9.8581875 19.998047 11.992188 C 19.996047 16.396187 16.413812 19.978516 12.007812 19.978516 C 10.674812 19.977516 9.3544062 19.642812 8.1914062 19.007812 L 7.5175781 18.640625 L 6.7734375 18.816406 L 4.8046875 19.28125 L 5.2851562 17.496094 L 5.5019531 16.695312 L 5.0878906 15.976562 C 4.3898906 14.768562 4.0204844 13.387375 4.0214844 11.984375 C 4.0234844 7.582375 7.6067656 4 12.009766 4 z M 8.4765625 7.375 C 8.3095625 7.375 8.0395469 7.4375 7.8105469 7.6875 C 7.5815469 7.9365 6.9355469 8.5395781 6.9355469 9.7675781 C 6.9355469 10.995578 7.8300781 12.182609 7.9550781 12.349609 C 8.0790781 12.515609 9.68175 15.115234 12.21875 16.115234 C 14.32675 16.946234 14.754891 16.782234 15.212891 16.740234 C 15.670891 16.699234 16.690438 16.137687 16.898438 15.554688 C 17.106437 14.971687 17.106922 14.470187 17.044922 14.367188 C 16.982922 14.263188 16.816406 14.201172 16.566406 14.076172 C 16.317406 13.951172 15.090328 13.348625 14.861328 13.265625 C 14.632328 13.182625 14.464828 13.140625 14.298828 13.390625 C 14.132828 13.640625 13.655766 14.201187 13.509766 14.367188 C 13.363766 14.534188 13.21875 14.556641 12.96875 14.431641 C 12.71875 14.305641 11.914938 14.041406 10.960938 13.191406 C 10.218937 12.530406 9.7182656 11.714844 9.5722656 11.464844 C 9.4272656 11.215844 9.5585938 11.079078 9.6835938 10.955078 C 9.7955938 10.843078 9.9316406 10.663578 10.056641 10.517578 C 10.180641 10.371578 10.223641 10.267562 10.306641 10.101562 C 10.389641 9.9355625 10.347156 9.7890625 10.285156 9.6640625 C 10.223156 9.5390625 9.737625 8.3065 9.515625 7.8125 C 9.328625 7.3975 9.131125 7.3878594 8.953125 7.3808594 C 8.808125 7.3748594 8.6425625 7.375 8.4765625 7.375 z\"><\/path><\/svg><span class=\"wp-block-social-link-label screen-reader-text\">WhatsApp<\/span><\/a><\/li><\/ul>\n<\/div>\n<\/div>\n\n\n\n<div class=\"wp-block-column is-vertically-aligned-stretch is-layout-flow wp-block-column-is-layout-flow\" style=\"--col-width:59em;flex-basis:59em\">\n<h2 class=\"wp-block-heading has-heading-font-family has-xx-large-font-size\">Mail<\/h2>\n\n\n<style id=\"wpforms-css-vars-1029-block-a3158d78-3801-4202-823e-9213b2cccc06\">\n\t\t\t\t#wpforms-1029.wpforms-block-a3158d78-3801-4202-823e-9213b2cccc06 {\n\t\t\t\t--wpforms-label-color: #01447b;\n--wpforms-label-error-color: #d8613c;\n--wpforms-field-border-radius: 5px;\n--wpforms-field-border-color: #01447b;\n--wpforms-field-border-color-spare: #01447b;\n--wpforms-field-text-color: #01447b;\n--wpforms-button-border-radius: 5px;\n--wpforms-button-background-color: #01447b;\n\t\t\t}\n\t\t\t<\/style><div class=\"wpforms-container wpforms-container-full wpforms-block wpforms-block-a3158d78-3801-4202-823e-9213b2cccc06 wpforms-render-modern\" id=\"wpforms-1029\"><form id=\"wpforms-form-1029\" class=\"wpforms-validate wpforms-form wpforms-ajax-form\" data-formid=\"1029\" method=\"post\" enctype=\"multipart\/form-data\" action=\"\/en\/wp-json\/wp\/v2\/pages\/60\" data-token=\"8cff5d90418fed8a4da1eb461c8a2e07\" data-token-time=\"1778747792\"><noscript class=\"wpforms-error-noscript\">Please enable JavaScript in your browser to complete this form.<\/noscript><div id=\"wpforms-error-noscript\" style=\"display: none;\">Please enable JavaScript in your browser to complete this form.<\/div><div class=\"wpforms-field-container\"><div id=\"wpforms-1029-field_0-container\" class=\"wpforms-field wpforms-field-name\" data-field-id=\"0\"><label class=\"wpforms-field-label\" for=\"wpforms-1029-field_0\">Nombre y apellidos <span class=\"wpforms-required-label\" aria-hidden=\"true\">*<\/span><\/label><input type=\"text\" id=\"wpforms-1029-field_0\" class=\"wpforms-field-medium wpforms-field-required\" name=\"wpforms[fields][0]\" aria-errormessage=\"wpforms-1029-field_0-error\" required><\/div><div id=\"wpforms-1029-field_3-container\" class=\"wpforms-field wpforms-field-select wpforms-field-select-style-modern\" data-field-id=\"3\"><label class=\"wpforms-field-label\" for=\"wpforms-1029-field_3\">Motivo <span class=\"wpforms-required-label\" aria-hidden=\"true\">*<\/span><\/label><select id=\"wpforms-1029-field_3\" class=\"wpforms-field-medium wpforms-field-required choicesjs-select\" data-size-class=\"wpforms-field-row wpforms-field-medium\" data-search-enabled=\"\" name=\"wpforms[fields][3]\" required=\"required\"><option value=\"\" class=\"placeholder\" disabled  selected='selected'>Por favor seleccione una opci\u00f3n<\/option><option value=\"Solicitar visita\"  class=\"choice-1 depth-1\"  >Solicitar visita<\/option><option value=\"Cotizaci\u00f3n\"  class=\"choice-2 depth-1\"  >Cotizaci\u00f3n<\/option><option value=\"Mantenimiento\/reparaci\u00f3n\"  class=\"choice-3 depth-1\"  >Mantenimiento\/reparaci\u00f3n<\/option><option value=\"Consultas\"  class=\"choice-5 depth-1\"  >Consultas<\/option><option value=\"Otro\"  class=\"choice-6 depth-1\"  >Otro<\/option><\/select><\/div><div id=\"wpforms-1029-field_1-container\" class=\"wpforms-field wpforms-field-email\" data-field-id=\"1\"><label class=\"wpforms-field-label\" for=\"wpforms-1029-field_1\">Email <span class=\"wpforms-required-label\" aria-hidden=\"true\">*<\/span><\/label><input type=\"email\" id=\"wpforms-1029-field_1\" class=\"wpforms-field-medium wpforms-field-required\" name=\"wpforms[fields][1]\" spellcheck=\"false\" aria-errormessage=\"wpforms-1029-field_1-error\" required><\/div><div id=\"wpforms-1029-field_6-container\" class=\"wpforms-field wpforms-field-number\" data-field-id=\"6\"><label class=\"wpforms-field-label\" for=\"wpforms-1029-field_6\">Tel\u00e9fono<\/label><input type=\"number\" id=\"wpforms-1029-field_6\" class=\"wpforms-field-medium\" name=\"wpforms[fields][6]\" step=\"any\" aria-errormessage=\"wpforms-1029-field_6-error\" ><\/div><div id=\"wpforms-1029-field_2-container\" class=\"wpforms-field wpforms-field-textarea\" data-field-id=\"2\"><label class=\"wpforms-field-label\" for=\"wpforms-1029-field_2\">Mensaje<\/label><textarea id=\"wpforms-1029-field_2\" class=\"wpforms-field-medium\" name=\"wpforms[fields][2]\" aria-errormessage=\"wpforms-1029-field_2-error\" ><\/textarea><\/div><\/div><!-- .wpforms-field-container --><div class=\"wpforms-submit-container\" ><input type=\"hidden\" name=\"wpforms[id]\" value=\"1029\"><input type=\"hidden\" name=\"page_title\" value=\"\"><input type=\"hidden\" name=\"page_url\" value=\"https:\/\/eurowindowsmexico.com\/en\/wp-json\/wp\/v2\/pages\/60\"><input type=\"hidden\" name=\"url_referer\" value=\"\"><button type=\"submit\" name=\"wpforms[submit]\" id=\"wpforms-submit-1029\" class=\"wpforms-submit\" data-alt-text=\"Enviando...\" data-submit-text=\"Enviar\" aria-live=\"assertive\" value=\"wpforms-submit\">Enviar<\/button><img loading=\"lazy\" decoding=\"async\" src=\"https:\/\/eurowindowsmexico.com\/wp-content\/plugins\/wpforms-lite\/assets\/images\/submit-spin.svg\" class=\"wpforms-submit-spinner\" style=\"display: none;\" width=\"26\" height=\"26\" alt=\"Loading\"><\/div><\/form><\/div>  <!-- .wpforms-container --><\/div>\n<\/div>\n<\/div>\n\n\n\n<div class=\"wp-block-group alignfull has-base-color has-contrast-background-color has-text-color has-background is-layout-flow wp-block-group-is-layout-flow\" style=\"margin-top:0;margin-bottom:0;padding-top:var(--wp--preset--spacing--50);padding-right:var(--wp--preset--spacing--50);padding-bottom:var(--wp--preset--spacing--50);padding-left:var(--wp--preset--spacing--50)\">\n<div class=\"wp-block-group has-global-padding is-layout-constrained wp-block-group-is-layout-constrained\">\n<p class=\"has-text-align-center has-base-color has-text-color has-heading-font-family has-large-font-size\" style=\"line-height:1.2\"><em>En Eurowindows estaremos encantados de ayudarle y asesorarle para llevar su idea a cabo. Nos mueve la pasi\u00f3n por las puertas y ventanas de calidad y la satisfacci\u00f3n de nuestros clientes es nuestra meta. M\u00e1s de 25 a\u00f1os de experiencia son testigos de ello.<\/em><\/p>\n<\/div>\n<\/div>\n","protected":false},"excerpt":{"rendered":"<p>Chat Mail At Eurowindows we will be happy to help and advise you to carry out your idea. We are driven by a passion for quality doors and windows and the satisfaction of our customers is our goal. More than 25 years of experience are witnesses of this.<\/p>","protected":false},"author":1,"featured_media":0,"parent":0,"menu_order":0,"comment_status":"closed","ping_status":"closed","template":"page-no-title","meta":{"footnotes":""},"class_list":["post-60","page","type-page","status-publish","hentry"],"yoast_head":"<!-- This site is optimized with the Yoast SEO plugin v27.6 - https:\/\/yoast.com\/product\/yoast-seo-wordpress\/ -->\n<title>Contacto<\/title>\n<meta name=\"robots\" content=\"index, follow, max-snippet:-1, max-image-preview:large, max-video-preview:-1\" \/>\n<link rel=\"canonical\" href=\"https:\/\/eurowindowsmexico.com\/en\/contact\/\" \/>\n<meta property=\"og:locale\" content=\"en_US\" \/>\n<meta property=\"og:type\" content=\"article\" \/>\n<meta property=\"og:title\" content=\"Contacto\" \/>\n<meta property=\"og:description\" content=\"Chat Mail En Eurowindows estaremos encantados de ayudarle y asesorarle para llevar su idea a cabo. Nos mueve la pasi\u00f3n por las puertas y ventanas de calidad y la satisfacci\u00f3n de nuestros clientes es nuestra meta. M\u00e1s de 25 a\u00f1os de experiencia son testigos de ello.\" \/>\n<meta property=\"og:url\" content=\"https:\/\/eurowindowsmexico.com\/en\/contact\/\" \/>\n<meta property=\"og:site_name\" content=\"Eurowindows M\u00e9xico\" \/>\n<meta property=\"article:publisher\" content=\"https:\/\/www.facebook.com\/profile.php?id=61558156777527\" \/>\n<meta property=\"article:modified_time\" content=\"2025-01-13T16:11:52+00:00\" \/>\n<meta name=\"twitter:card\" content=\"summary_large_image\" \/>\n<meta name=\"twitter:label1\" content=\"Est. reading time\" \/>\n\t<meta name=\"twitter:data1\" content=\"1 minute\" \/>\n<script type=\"application\/ld+json\" class=\"yoast-schema-graph\">{\"@context\":\"https:\\\/\\\/schema.org\",\"@graph\":[{\"@type\":\"WebPage\",\"@id\":\"https:\\\/\\\/eurowindowsmexico.com\\\/contact\\\/\",\"url\":\"https:\\\/\\\/eurowindowsmexico.com\\\/contact\\\/\",\"name\":\"Contacto\",\"isPartOf\":{\"@id\":\"https:\\\/\\\/eurowindowsmexico.com\\\/#website\"},\"datePublished\":\"2024-03-30T15:52:27+00:00\",\"dateModified\":\"2025-01-13T16:11:52+00:00\",\"breadcrumb\":{\"@id\":\"https:\\\/\\\/eurowindowsmexico.com\\\/contact\\\/#breadcrumb\"},\"inLanguage\":\"en-US\",\"potentialAction\":[{\"@type\":\"ReadAction\",\"target\":[\"https:\\\/\\\/eurowindowsmexico.com\\\/contact\\\/\"]}]},{\"@type\":\"BreadcrumbList\",\"@id\":\"https:\\\/\\\/eurowindowsmexico.com\\\/contact\\\/#breadcrumb\",\"itemListElement\":[{\"@type\":\"ListItem\",\"position\":1,\"name\":\"Home\",\"item\":\"https:\\\/\\\/eurowindowsmexico.com\\\/\"},{\"@type\":\"ListItem\",\"position\":2,\"name\":\"Contacto\"}]},{\"@type\":\"WebSite\",\"@id\":\"https:\\\/\\\/eurowindowsmexico.com\\\/#website\",\"url\":\"https:\\\/\\\/eurowindowsmexico.com\\\/\",\"name\":\"Eurowindows M\u00e9xico\",\"description\":\"Sitepage dedicated to Eurowindows Mexico\",\"publisher\":{\"@id\":\"https:\\\/\\\/eurowindowsmexico.com\\\/#organization\"},\"potentialAction\":[{\"@type\":\"SearchAction\",\"target\":{\"@type\":\"EntryPoint\",\"urlTemplate\":\"https:\\\/\\\/eurowindowsmexico.com\\\/?s={search_term_string}\"},\"query-input\":{\"@type\":\"PropertyValueSpecification\",\"valueRequired\":true,\"valueName\":\"search_term_string\"}}],\"inLanguage\":\"en-US\"},{\"@type\":\"Organization\",\"@id\":\"https:\\\/\\\/eurowindowsmexico.com\\\/#organization\",\"name\":\"Eurowindows M\u00e9xico\",\"url\":\"https:\\\/\\\/eurowindowsmexico.com\\\/\",\"logo\":{\"@type\":\"ImageObject\",\"inLanguage\":\"en-US\",\"@id\":\"https:\\\/\\\/eurowindowsmexico.com\\\/#\\\/schema\\\/logo\\\/image\\\/\",\"url\":\"https:\\\/\\\/eurowindowsmexico.com\\\/wp-content\\\/uploads\\\/2024\\\/03\\\/Logo_sin_letras-sin_fondo-1.png\",\"contentUrl\":\"https:\\\/\\\/eurowindowsmexico.com\\\/wp-content\\\/uploads\\\/2024\\\/03\\\/Logo_sin_letras-sin_fondo-1.png\",\"width\":496,\"height\":503,\"caption\":\"Eurowindows M\u00e9xico\"},\"image\":{\"@id\":\"https:\\\/\\\/eurowindowsmexico.com\\\/#\\\/schema\\\/logo\\\/image\\\/\"},\"sameAs\":[\"https:\\\/\\\/www.facebook.com\\\/profile.php?id=61558156777527\",\"https:\\\/\\\/www.instagram.com\\\/eurowindowsmexico\\\/\",\"https:\\\/\\\/www.youtube.com\\\/@eurowindowsmexico_\"]}]}<\/script>\n<!-- \/ Yoast SEO plugin. -->","yoast_head_json":{"title":"Contact","robots":{"index":"index","follow":"follow","max-snippet":"max-snippet:-1","max-image-preview":"max-image-preview:large","max-video-preview":"max-video-preview:-1"},"canonical":"https:\/\/eurowindowsmexico.com\/en\/contact\/","og_locale":"en_US","og_type":"article","og_title":"Contacto","og_description":"Chat Mail En Eurowindows estaremos encantados de ayudarle y asesorarle para llevar su idea a cabo. Nos mueve la pasi\u00f3n por las puertas y ventanas de calidad y la satisfacci\u00f3n de nuestros clientes es nuestra meta. M\u00e1s de 25 a\u00f1os de experiencia son testigos de ello.","og_url":"https:\/\/eurowindowsmexico.com\/en\/contact\/","og_site_name":"Eurowindows M\u00e9xico","article_publisher":"https:\/\/www.facebook.com\/profile.php?id=61558156777527","article_modified_time":"2025-01-13T16:11:52+00:00","twitter_card":"summary_large_image","twitter_misc":{"Est. reading time":"1 minute"},"schema":{"@context":"https:\/\/schema.org","@graph":[{"@type":"WebPage","@id":"https:\/\/eurowindowsmexico.com\/contact\/","url":"https:\/\/eurowindowsmexico.com\/contact\/","name":"Contact","isPartOf":{"@id":"https:\/\/eurowindowsmexico.com\/#website"},"datePublished":"2024-03-30T15:52:27+00:00","dateModified":"2025-01-13T16:11:52+00:00","breadcrumb":{"@id":"https:\/\/eurowindowsmexico.com\/contact\/#breadcrumb"},"inLanguage":"en-US","potentialAction":[{"@type":"ReadAction","target":["https:\/\/eurowindowsmexico.com\/contact\/"]}]},{"@type":"BreadcrumbList","@id":"https:\/\/eurowindowsmexico.com\/contact\/#breadcrumb","itemListElement":[{"@type":"ListItem","position":1,"name":"Home","item":"https:\/\/eurowindowsmexico.com\/"},{"@type":"ListItem","position":2,"name":"Contacto"}]},{"@type":"WebSite","@id":"https:\/\/eurowindowsmexico.com\/#website","url":"https:\/\/eurowindowsmexico.com\/","name":"Eurowindows Mexico","description":"Sitepage dedicated to Eurowindows Mexico","publisher":{"@id":"https:\/\/eurowindowsmexico.com\/#organization"},"potentialAction":[{"@type":"SearchAction","target":{"@type":"EntryPoint","urlTemplate":"https:\/\/eurowindowsmexico.com\/?s={search_term_string}"},"query-input":{"@type":"PropertyValueSpecification","valueRequired":true,"valueName":"search_term_string"}}],"inLanguage":"en-US"},{"@type":"Organization","@id":"https:\/\/eurowindowsmexico.com\/#organization","name":"Eurowindows Mexico","url":"https:\/\/eurowindowsmexico.com\/","logo":{"@type":"ImageObject","inLanguage":"en-US","@id":"https:\/\/eurowindowsmexico.com\/#\/schema\/logo\/image\/","url":"https:\/\/eurowindowsmexico.com\/wp-content\/uploads\/2024\/03\/Logo_sin_letras-sin_fondo-1.png","contentUrl":"https:\/\/eurowindowsmexico.com\/wp-content\/uploads\/2024\/03\/Logo_sin_letras-sin_fondo-1.png","width":496,"height":503,"caption":"Eurowindows M\u00e9xico"},"image":{"@id":"https:\/\/eurowindowsmexico.com\/#\/schema\/logo\/image\/"},"sameAs":["https:\/\/www.facebook.com\/profile.php?id=61558156777527","https:\/\/www.instagram.com\/eurowindowsmexico\/","https:\/\/www.youtube.com\/@eurowindowsmexico_"]}]}},"_links":{"self":[{"href":"https:\/\/eurowindowsmexico.com\/en\/wp-json\/wp\/v2\/pages\/60","targetHints":{"allow":["GET"]}}],"collection":[{"href":"https:\/\/eurowindowsmexico.com\/en\/wp-json\/wp\/v2\/pages"}],"about":[{"href":"https:\/\/eurowindowsmexico.com\/en\/wp-json\/wp\/v2\/types\/page"}],"author":[{"embeddable":true,"href":"https:\/\/eurowindowsmexico.com\/en\/wp-json\/wp\/v2\/users\/1"}],"replies":[{"embeddable":true,"href":"https:\/\/eurowindowsmexico.com\/en\/wp-json\/wp\/v2\/comments?post=60"}],"version-history":[{"count":21,"href":"https:\/\/eurowindowsmexico.com\/en\/wp-json\/wp\/v2\/pages\/60\/revisions"}],"predecessor-version":[{"id":1344,"href":"https:\/\/eurowindowsmexico.com\/en\/wp-json\/wp\/v2\/pages\/60\/revisions\/1344"}],"wp:attachment":[{"href":"https:\/\/eurowindowsmexico.com\/en\/wp-json\/wp\/v2\/media?parent=60"}],"curies":[{"name":"wp","href":"https:\/\/api.w.org\/{rel}","templated":true}]}}