{"id":43,"date":"2024-03-25T23:51:42","date_gmt":"2024-03-25T23:51:42","guid":{"rendered":"https:\/\/test.eurowindowsmexico.com\/?page_id=43"},"modified":"2025-01-15T19:58:11","modified_gmt":"2025-01-16T01:58:11","slug":"about_us","status":"publish","type":"page","link":"https:\/\/eurowindowsmexico.com\/en\/about_us\/","title":{"rendered":"About Us"},"content":{"rendered":"<div class=\"wp-block-group alignfull is-layout-flow wp-block-group-is-layout-flow\">\n<div class=\"wp-block-cover alignfull has-custom-content-position is-position-top-left has-base-2-color has-text-color has-link-color tw-hover-zoom wp-elements-75a06e57e514ba86a7f7cb9a1e973791 has-aspect-ratio\" style=\"padding-top:var(--wp--preset--spacing--40);padding-right:0;padding-bottom:0;padding-left:var(--wp--preset--spacing--50);min-height:763px;aspect-ratio:16\/9;min-height:unset;\"><span aria-hidden=\"true\" class=\"wp-block-cover__background has-background-dim wp-block-cover__gradient-background has-background-gradient\" style=\"background:linear-gradient(90deg,rgb(1,68,123) 0%,rgba(1,68,122,0) 100%)\"><\/span><img loading=\"lazy\" decoding=\"async\" width=\"1280\" height=\"1012\" sizes=\"auto, (max-width: 799px) 125vw, (max-width: 1280px) 100vw, 1280px\" class=\"wp-block-cover__image-background wp-image-585\" alt=\"\" src=\"https:\/\/eurowindowsmexico.com\/wp-content\/uploads\/2024\/03\/IMG-20240321-WA0054.jpg\" data-object-fit=\"cover\" srcset=\"https:\/\/eurowindowsmexico.com\/wp-content\/uploads\/2024\/03\/IMG-20240321-WA0054.jpg 1280w, https:\/\/eurowindowsmexico.com\/wp-content\/uploads\/2024\/03\/IMG-20240321-WA0054-300x237.jpg 300w, https:\/\/eurowindowsmexico.com\/wp-content\/uploads\/2024\/03\/IMG-20240321-WA0054-1024x810.jpg 1024w, https:\/\/eurowindowsmexico.com\/wp-content\/uploads\/2024\/03\/IMG-20240321-WA0054-768x607.jpg 768w, https:\/\/eurowindowsmexico.com\/wp-content\/uploads\/2024\/03\/IMG-20240321-WA0054-15x12.jpg 15w\" \/><div class=\"wp-block-cover__inner-container has-global-padding is-layout-constrained wp-container-core-cover-is-layout-710c2210 wp-block-cover-is-layout-constrained\">\n<div class=\"wp-block-group has-global-padding is-layout-constrained wp-container-core-group-is-layout-550c93ee wp-block-group-is-layout-constrained\" style=\"border-style:none;border-width:0px;padding-right:132px\">\n<h2 class=\"wp-block-heading has-heading-font-family has-xx-large-font-size\" style=\"margin-right:0;padding-right:0\">About Us<\/h2>\n\n\n\n<p class=\"has-heading-font-family has-large-font-size\" style=\"margin-top:0;margin-right:0;margin-left:0;padding-top:0;padding-right:0;padding-left:0;line-height:1.5\">Building a more sustainable and efficient future<\/p>\n<\/div>\n<\/div><\/div>\n<\/div>\n\n\n\n<div class=\"wp-block-group alignfull has-accent-background-color has-background has-global-padding is-layout-constrained wp-container-core-group-is-layout-669513ed wp-block-group-is-layout-constrained\" style=\"margin-top:0;margin-bottom:0;padding-top:var(--wp--preset--spacing--50);padding-right:var(--wp--preset--spacing--50);padding-bottom:var(--wp--preset--spacing--50);padding-left:var(--wp--preset--spacing--50)\">\n<div class=\"wp-block-columns alignwide is-layout-flex wp-container-core-columns-is-layout-eed4adda wp-block-columns-is-layout-flex\">\n<div class=\"wp-block-column is-vertically-aligned-stretch is-layout-flow wp-block-column-is-layout-flow\" style=\"--col-width:50%;flex-basis:50%\">\n<div class=\"wp-block-group is-vertical is-content-justification-stretch is-layout-flex wp-container-core-group-is-layout-444d5ee8 wp-block-group-is-layout-flex\" style=\"min-height:100%\">\n<p class=\"has-heading-font-family has-large-font-size\" style=\"line-height:1.2\">Since its foundation in 1998 in Puerto Vallarta, our <strong>mission <\/strong>has been the creation and distribution of quality PVC windows and doors. The commitment to this manufacturing material responds to the <strong>vision <\/strong>business contribution to a more sustainable and efficient future.<\/p>\n<\/div>\n<\/div>\n\n\n\n<div class=\"wp-block-column is-vertically-aligned-center is-layout-flow wp-block-column-is-layout-flow\" style=\"--col-width:50%;flex-basis:50%\">\n<figure class=\"wp-block-image size-full has-custom-border is-style-rounded is-style-rounded--1\"><img loading=\"lazy\" decoding=\"async\" width=\"1280\" height=\"853\" src=\"https:\/\/eurowindowsmexico.com\/wp-content\/uploads\/2024\/03\/mision_vision.webp\" alt=\"\" class=\"wp-image-548\" style=\"border-style:none;border-width:0px;border-radius:0px;aspect-ratio:1;object-fit:cover\" srcset=\"https:\/\/eurowindowsmexico.com\/wp-content\/uploads\/2024\/03\/mision_vision.webp 1280w, https:\/\/eurowindowsmexico.com\/wp-content\/uploads\/2024\/03\/mision_vision-300x200.webp 300w, https:\/\/eurowindowsmexico.com\/wp-content\/uploads\/2024\/03\/mision_vision-1024x682.webp 1024w, https:\/\/eurowindowsmexico.com\/wp-content\/uploads\/2024\/03\/mision_vision-768x512.webp 768w, https:\/\/eurowindowsmexico.com\/wp-content\/uploads\/2024\/03\/mision_vision-18x12.webp 18w\" sizes=\"auto, (max-width: 1280px) 100vw, 1280px\" \/><\/figure>\n<\/div>\n<\/div>\n<\/div>\n\n\n\n<div class=\"wp-block-group alignfull has-base-background-color has-background has-global-padding is-layout-constrained wp-container-core-group-is-layout-d89aad35 wp-block-group-is-layout-constrained\" style=\"margin-top:0;margin-bottom:0;padding-top:var(--wp--preset--spacing--50);padding-right:var(--wp--preset--spacing--50);padding-bottom:var(--wp--preset--spacing--50);padding-left:var(--wp--preset--spacing--50)\">\n<div class=\"wp-block-columns alignwide is-layout-flex wp-container-core-columns-is-layout-1b07cb22 wp-block-columns-is-layout-flex\" style=\"padding-right:0\">\n<div class=\"wp-block-column has-global-padding is-content-justification-left is-layout-constrained wp-container-core-column-is-layout-0a4336ca wp-block-column-is-layout-constrained\" style=\"--col-width:50%;flex-basis:50%\">\n<p class=\"has-heading-font-family has-x-large-font-size\" style=\"margin-top:0;margin-right:0;margin-bottom:0;margin-left:0;padding-top:0;padding-right:0;padding-bottom:0;padding-left:0\">Our values<\/p>\n<\/div>\n\n\n\n<div class=\"wp-block-column is-layout-flow wp-container-core-column-is-layout-119bc444 wp-block-column-is-layout-flow\" style=\"--col-width:60%;flex-basis:60%\">\n<p class=\"has-heading-font-family has-large-font-size\" style=\"line-height:1.2\">We are defined by our passion and our work ethic<\/p>\n\n\n\n<div class=\"wp-block-columns is-layout-flex wp-container-core-columns-is-layout-adf2eb3b wp-block-columns-is-layout-flex\">\n<div class=\"wp-block-column is-layout-flow wp-block-column-is-layout-flow\">\n<p class=\"wp-container-content-9cfa9a5a\">Eurowindows' reputation has been built over the years. Integrity, safety, the delivery of complex and challenging projects together with the drive for innovation at a national level allow us to achieve excellence with each of our clients.<\/p>\n<\/div>\n\n\n\n<div class=\"wp-block-column is-layout-flow wp-block-column-is-layout-flow\">\n<p>In addition, we carry out our business work with transparency and responsibility, being aware of the positive impact we can achieve in building a more sustainable future for our community.<\/p>\n<\/div>\n<\/div>\n<\/div>\n<\/div>\n<\/div>\n\n\n\n<div class=\"wp-block-group alignfull has-base-color has-contrast-background-color has-text-color has-background has-link-color wp-elements-22b8ab4b1e657ff20829932d85b79856 has-global-padding is-layout-constrained wp-container-core-group-is-layout-669513ed wp-block-group-is-layout-constrained\" style=\"margin-top:0;margin-bottom:0;padding-top:var(--wp--preset--spacing--50);padding-right:var(--wp--preset--spacing--50);padding-bottom:var(--wp--preset--spacing--50);padding-left:var(--wp--preset--spacing--50)\">\n<h2 class=\"wp-block-heading has-text-align-center has-base-color has-text-color has-link-color has-heading-font-family has-x-large-font-size wp-elements-e24fd26330891d013ed42adaa887c4f9\">Meet our team<\/h2>\n\n\n\n<div style=\"height:var(--wp--preset--spacing--30)\" aria-hidden=\"true\" class=\"wp-block-spacer\"><\/div>\n\n\n\n<div class=\"wp-block-columns alignwide is-layout-flex wp-container-core-columns-is-layout-45ecca1d wp-block-columns-is-layout-flex\" style=\"padding-right:0;padding-left:0\">\n<div class=\"wp-block-column is-layout-flow wp-block-column-is-layout-flow\">\n<figure class=\"wp-block-image aligncenter size-medium has-custom-border is-style-default\"><img loading=\"lazy\" decoding=\"async\" width=\"300\" height=\"300\" src=\"https:\/\/eurowindowsmexico.com\/wp-content\/uploads\/2024\/04\/1000116704-300x300.jpg\" alt=\"\" class=\"wp-image-1233\" style=\"border-style:none;border-width:0px;border-radius:100%;aspect-ratio:1;object-fit:cover\" srcset=\"https:\/\/eurowindowsmexico.com\/wp-content\/uploads\/2024\/04\/1000116704-300x300.jpg 300w, https:\/\/eurowindowsmexico.com\/wp-content\/uploads\/2024\/04\/1000116704-1024x1024.jpg 1024w, https:\/\/eurowindowsmexico.com\/wp-content\/uploads\/2024\/04\/1000116704-150x150.jpg 150w, https:\/\/eurowindowsmexico.com\/wp-content\/uploads\/2024\/04\/1000116704-768x768.jpg 768w, https:\/\/eurowindowsmexico.com\/wp-content\/uploads\/2024\/04\/1000116704-12x12.jpg 12w, https:\/\/eurowindowsmexico.com\/wp-content\/uploads\/2024\/04\/1000116704.jpg 1080w\" sizes=\"auto, (max-width: 300px) 100vw, 300px\" \/><\/figure>\n\n\n\n<div class=\"wp-block-group is-vertical is-content-justification-center is-nowrap is-layout-flex wp-container-core-group-is-layout-21d4e958 wp-block-group-is-layout-flex\">\n<p class=\"has-text-align-center has-small-font-size\"> <strong>Etienne Perniaux<\/strong> <\/p>\n\n\n\n<p class=\"has-text-align-center has-small-font-size\">Founder &amp; Sales Manager<\/p>\n\n\n\n<ul class=\"wp-block-social-links has-normal-icon-size is-style-default is-content-justification-center is-layout-flex wp-container-core-social-links-is-layout-2751e870 wp-block-social-links-is-layout-flex\" style=\"margin-top:var(--wp--preset--spacing--10);margin-bottom:var(--wp--preset--spacing--10)\"><li class=\"wp-social-link wp-social-link-linkedin  wp-block-social-link\"><a href=\"https:\/\/www.linkedin.com\/in\/etienne-jean-raymond-perniaux-216a436b\/\" class=\"wp-block-social-link-anchor\"><svg width=\"24\" height=\"24\" viewbox=\"0 0 24 24\" version=\"1.1\" xmlns=\"http:\/\/www.w3.org\/2000\/svg\" aria-hidden=\"true\" focusable=\"false\"><path d=\"M19.7,3H4.3C3.582,3,3,3.582,3,4.3v15.4C3,20.418,3.582,21,4.3,21h15.4c0.718,0,1.3-0.582,1.3-1.3V4.3 C21,3.582,20.418,3,19.7,3z M8.339,18.338H5.667v-8.59h2.672V18.338z M7.004,8.574c-0.857,0-1.549-0.694-1.549-1.548 c0-0.855,0.691-1.548,1.549-1.548c0.854,0,1.547,0.694,1.547,1.548C8.551,7.881,7.858,8.574,7.004,8.574z M18.339,18.338h-2.669 v-4.177c0-0.996-0.017-2.278-1.387-2.278c-1.389,0-1.601,1.086-1.601,2.206v4.249h-2.667v-8.59h2.559v1.174h0.037 c0.356-0.675,1.227-1.387,2.526-1.387c2.703,0,3.203,1.779,3.203,4.092V18.338z\"><\/path><\/svg><span class=\"wp-block-social-link-label screen-reader-text\">LinkedIn<\/span><\/a><\/li><\/ul>\n<\/div>\n<\/div>\n<\/div>\n<\/div>","protected":false},"excerpt":{"rendered":"<p>Desde su fundaci\u00f3n en 1998 en Puerto Vallarta, nuestra misi\u00f3n ha sido la creaci\u00f3n y distribuci\u00f3n de ventanas y puertas de PVC de calidad. La apuesta por este material de fabricaci\u00f3n responde a la visi\u00f3n empresarial de contribuci\u00f3n a un futuro m\u00e1s sostenible y eficiente. Nuestros valores Nos define nuestra pasi\u00f3n y nuestra \u00e9tica de [&hellip;]<\/p>\n","protected":false},"author":1,"featured_media":0,"parent":0,"menu_order":0,"comment_status":"closed","ping_status":"closed","template":"page-no-title","meta":{"footnotes":""},"class_list":["post-43","page","type-page","status-publish","hentry"],"yoast_head":"<!-- This site is optimized with the Yoast SEO plugin v27.6 - https:\/\/yoast.com\/product\/yoast-seo-wordpress\/ -->\n<title>Nosotros<\/title>\n<meta name=\"robots\" content=\"index, follow, max-snippet:-1, max-image-preview:large, max-video-preview:-1\" \/>\n<link rel=\"canonical\" href=\"https:\/\/eurowindowsmexico.com\/en\/about_us\/\" \/>\n<meta property=\"og:locale\" content=\"en_US\" \/>\n<meta property=\"og:type\" content=\"article\" \/>\n<meta property=\"og:title\" content=\"Nosotros\" \/>\n<meta property=\"og:description\" content=\"Desde su fundaci\u00f3n en 1998 en Puerto Vallarta, nuestra misi\u00f3n ha sido la creaci\u00f3n y distribuci\u00f3n de ventanas y puertas de PVC de calidad. La apuesta por este material de fabricaci\u00f3n responde a la visi\u00f3n empresarial de contribuci\u00f3n a un futuro m\u00e1s sostenible y eficiente. Nuestros valores Nos define nuestra pasi\u00f3n y nuestra \u00e9tica de [&hellip;]\" \/>\n<meta property=\"og:url\" content=\"https:\/\/eurowindowsmexico.com\/en\/about_us\/\" \/>\n<meta property=\"og:site_name\" content=\"Eurowindows M\u00e9xico\" \/>\n<meta property=\"article:publisher\" content=\"https:\/\/www.facebook.com\/profile.php?id=61558156777527\" \/>\n<meta property=\"article:modified_time\" content=\"2025-01-16T01:58:11+00:00\" \/>\n<meta property=\"og:image\" content=\"https:\/\/eurowindowsmexico.com\/wp-content\/uploads\/2024\/03\/IMG-20240321-WA0054.jpg\" \/>\n\t<meta property=\"og:image:width\" content=\"1280\" \/>\n\t<meta property=\"og:image:height\" content=\"1012\" \/>\n\t<meta property=\"og:image:type\" content=\"image\/jpeg\" \/>\n<meta name=\"twitter:card\" content=\"summary_large_image\" \/>\n<meta name=\"twitter:label1\" content=\"Est. reading time\" \/>\n\t<meta name=\"twitter:data1\" content=\"2 minutes\" \/>\n<script type=\"application\/ld+json\" class=\"yoast-schema-graph\">{\"@context\":\"https:\\\/\\\/schema.org\",\"@graph\":[{\"@type\":\"WebPage\",\"@id\":\"https:\\\/\\\/eurowindowsmexico.com\\\/about_us\\\/\",\"url\":\"https:\\\/\\\/eurowindowsmexico.com\\\/about_us\\\/\",\"name\":\"Nosotros\",\"isPartOf\":{\"@id\":\"https:\\\/\\\/eurowindowsmexico.com\\\/#website\"},\"primaryImageOfPage\":{\"@id\":\"https:\\\/\\\/eurowindowsmexico.com\\\/about_us\\\/#primaryimage\"},\"image\":{\"@id\":\"https:\\\/\\\/eurowindowsmexico.com\\\/about_us\\\/#primaryimage\"},\"thumbnailUrl\":\"https:\\\/\\\/eurowindowsmexico.com\\\/wp-content\\\/uploads\\\/2024\\\/03\\\/IMG-20240321-WA0054.jpg\",\"datePublished\":\"2024-03-25T23:51:42+00:00\",\"dateModified\":\"2025-01-16T01:58:11+00:00\",\"breadcrumb\":{\"@id\":\"https:\\\/\\\/eurowindowsmexico.com\\\/about_us\\\/#breadcrumb\"},\"inLanguage\":\"en-US\",\"potentialAction\":[{\"@type\":\"ReadAction\",\"target\":[\"https:\\\/\\\/eurowindowsmexico.com\\\/about_us\\\/\"]}]},{\"@type\":\"ImageObject\",\"inLanguage\":\"en-US\",\"@id\":\"https:\\\/\\\/eurowindowsmexico.com\\\/about_us\\\/#primaryimage\",\"url\":\"https:\\\/\\\/eurowindowsmexico.com\\\/wp-content\\\/uploads\\\/2024\\\/03\\\/IMG-20240321-WA0054.jpg\",\"contentUrl\":\"https:\\\/\\\/eurowindowsmexico.com\\\/wp-content\\\/uploads\\\/2024\\\/03\\\/IMG-20240321-WA0054.jpg\"},{\"@type\":\"BreadcrumbList\",\"@id\":\"https:\\\/\\\/eurowindowsmexico.com\\\/about_us\\\/#breadcrumb\",\"itemListElement\":[{\"@type\":\"ListItem\",\"position\":1,\"name\":\"Home\",\"item\":\"https:\\\/\\\/eurowindowsmexico.com\\\/\"},{\"@type\":\"ListItem\",\"position\":2,\"name\":\"Nosotros\"}]},{\"@type\":\"WebSite\",\"@id\":\"https:\\\/\\\/eurowindowsmexico.com\\\/#website\",\"url\":\"https:\\\/\\\/eurowindowsmexico.com\\\/\",\"name\":\"Eurowindows M\u00e9xico\",\"description\":\"Sitepage dedicated to Eurowindows Mexico\",\"publisher\":{\"@id\":\"https:\\\/\\\/eurowindowsmexico.com\\\/#organization\"},\"potentialAction\":[{\"@type\":\"SearchAction\",\"target\":{\"@type\":\"EntryPoint\",\"urlTemplate\":\"https:\\\/\\\/eurowindowsmexico.com\\\/?s={search_term_string}\"},\"query-input\":{\"@type\":\"PropertyValueSpecification\",\"valueRequired\":true,\"valueName\":\"search_term_string\"}}],\"inLanguage\":\"en-US\"},{\"@type\":\"Organization\",\"@id\":\"https:\\\/\\\/eurowindowsmexico.com\\\/#organization\",\"name\":\"Eurowindows M\u00e9xico\",\"url\":\"https:\\\/\\\/eurowindowsmexico.com\\\/\",\"logo\":{\"@type\":\"ImageObject\",\"inLanguage\":\"en-US\",\"@id\":\"https:\\\/\\\/eurowindowsmexico.com\\\/#\\\/schema\\\/logo\\\/image\\\/\",\"url\":\"https:\\\/\\\/eurowindowsmexico.com\\\/wp-content\\\/uploads\\\/2024\\\/03\\\/Logo_sin_letras-sin_fondo-1.png\",\"contentUrl\":\"https:\\\/\\\/eurowindowsmexico.com\\\/wp-content\\\/uploads\\\/2024\\\/03\\\/Logo_sin_letras-sin_fondo-1.png\",\"width\":496,\"height\":503,\"caption\":\"Eurowindows M\u00e9xico\"},\"image\":{\"@id\":\"https:\\\/\\\/eurowindowsmexico.com\\\/#\\\/schema\\\/logo\\\/image\\\/\"},\"sameAs\":[\"https:\\\/\\\/www.facebook.com\\\/profile.php?id=61558156777527\",\"https:\\\/\\\/www.instagram.com\\\/eurowindowsmexico\\\/\",\"https:\\\/\\\/www.youtube.com\\\/@eurowindowsmexico_\"]}]}<\/script>\n<!-- \/ Yoast SEO plugin. -->","yoast_head_json":{"title":"About Us","robots":{"index":"index","follow":"follow","max-snippet":"max-snippet:-1","max-image-preview":"max-image-preview:large","max-video-preview":"max-video-preview:-1"},"canonical":"https:\/\/eurowindowsmexico.com\/en\/about_us\/","og_locale":"en_US","og_type":"article","og_title":"Nosotros","og_description":"Desde su fundaci\u00f3n en 1998 en Puerto Vallarta, nuestra misi\u00f3n ha sido la creaci\u00f3n y distribuci\u00f3n de ventanas y puertas de PVC de calidad. La apuesta por este material de fabricaci\u00f3n responde a la visi\u00f3n empresarial de contribuci\u00f3n a un futuro m\u00e1s sostenible y eficiente. Nuestros valores Nos define nuestra pasi\u00f3n y nuestra \u00e9tica de [&hellip;]","og_url":"https:\/\/eurowindowsmexico.com\/en\/about_us\/","og_site_name":"Eurowindows M\u00e9xico","article_publisher":"https:\/\/www.facebook.com\/profile.php?id=61558156777527","article_modified_time":"2025-01-16T01:58:11+00:00","og_image":[{"width":1280,"height":1012,"url":"https:\/\/eurowindowsmexico.com\/wp-content\/uploads\/2024\/03\/IMG-20240321-WA0054.jpg","type":"image\/jpeg"}],"twitter_card":"summary_large_image","twitter_misc":{"Est. reading time":"2 minutes"},"schema":{"@context":"https:\/\/schema.org","@graph":[{"@type":"WebPage","@id":"https:\/\/eurowindowsmexico.com\/about_us\/","url":"https:\/\/eurowindowsmexico.com\/about_us\/","name":"About Us","isPartOf":{"@id":"https:\/\/eurowindowsmexico.com\/#website"},"primaryImageOfPage":{"@id":"https:\/\/eurowindowsmexico.com\/about_us\/#primaryimage"},"image":{"@id":"https:\/\/eurowindowsmexico.com\/about_us\/#primaryimage"},"thumbnailUrl":"https:\/\/eurowindowsmexico.com\/wp-content\/uploads\/2024\/03\/IMG-20240321-WA0054.jpg","datePublished":"2024-03-25T23:51:42+00:00","dateModified":"2025-01-16T01:58:11+00:00","breadcrumb":{"@id":"https:\/\/eurowindowsmexico.com\/about_us\/#breadcrumb"},"inLanguage":"en-US","potentialAction":[{"@type":"ReadAction","target":["https:\/\/eurowindowsmexico.com\/about_us\/"]}]},{"@type":"ImageObject","inLanguage":"en-US","@id":"https:\/\/eurowindowsmexico.com\/about_us\/#primaryimage","url":"https:\/\/eurowindowsmexico.com\/wp-content\/uploads\/2024\/03\/IMG-20240321-WA0054.jpg","contentUrl":"https:\/\/eurowindowsmexico.com\/wp-content\/uploads\/2024\/03\/IMG-20240321-WA0054.jpg"},{"@type":"BreadcrumbList","@id":"https:\/\/eurowindowsmexico.com\/about_us\/#breadcrumb","itemListElement":[{"@type":"ListItem","position":1,"name":"Home","item":"https:\/\/eurowindowsmexico.com\/"},{"@type":"ListItem","position":2,"name":"Nosotros"}]},{"@type":"WebSite","@id":"https:\/\/eurowindowsmexico.com\/#website","url":"https:\/\/eurowindowsmexico.com\/","name":"Eurowindows Mexico","description":"Sitepage dedicated to Eurowindows Mexico","publisher":{"@id":"https:\/\/eurowindowsmexico.com\/#organization"},"potentialAction":[{"@type":"SearchAction","target":{"@type":"EntryPoint","urlTemplate":"https:\/\/eurowindowsmexico.com\/?s={search_term_string}"},"query-input":{"@type":"PropertyValueSpecification","valueRequired":true,"valueName":"search_term_string"}}],"inLanguage":"en-US"},{"@type":"Organization","@id":"https:\/\/eurowindowsmexico.com\/#organization","name":"Eurowindows Mexico","url":"https:\/\/eurowindowsmexico.com\/","logo":{"@type":"ImageObject","inLanguage":"en-US","@id":"https:\/\/eurowindowsmexico.com\/#\/schema\/logo\/image\/","url":"https:\/\/eurowindowsmexico.com\/wp-content\/uploads\/2024\/03\/Logo_sin_letras-sin_fondo-1.png","contentUrl":"https:\/\/eurowindowsmexico.com\/wp-content\/uploads\/2024\/03\/Logo_sin_letras-sin_fondo-1.png","width":496,"height":503,"caption":"Eurowindows M\u00e9xico"},"image":{"@id":"https:\/\/eurowindowsmexico.com\/#\/schema\/logo\/image\/"},"sameAs":["https:\/\/www.facebook.com\/profile.php?id=61558156777527","https:\/\/www.instagram.com\/eurowindowsmexico\/","https:\/\/www.youtube.com\/@eurowindowsmexico_"]}]}},"_links":{"self":[{"href":"https:\/\/eurowindowsmexico.com\/en\/wp-json\/wp\/v2\/pages\/43","targetHints":{"allow":["GET"]}}],"collection":[{"href":"https:\/\/eurowindowsmexico.com\/en\/wp-json\/wp\/v2\/pages"}],"about":[{"href":"https:\/\/eurowindowsmexico.com\/en\/wp-json\/wp\/v2\/types\/page"}],"author":[{"embeddable":true,"href":"https:\/\/eurowindowsmexico.com\/en\/wp-json\/wp\/v2\/users\/1"}],"replies":[{"embeddable":true,"href":"https:\/\/eurowindowsmexico.com\/en\/wp-json\/wp\/v2\/comments?post=43"}],"version-history":[{"count":50,"href":"https:\/\/eurowindowsmexico.com\/en\/wp-json\/wp\/v2\/pages\/43\/revisions"}],"predecessor-version":[{"id":1349,"href":"https:\/\/eurowindowsmexico.com\/en\/wp-json\/wp\/v2\/pages\/43\/revisions\/1349"}],"wp:attachment":[{"href":"https:\/\/eurowindowsmexico.com\/en\/wp-json\/wp\/v2\/media?parent=43"}],"curies":[{"name":"wp","href":"https:\/\/api.w.org\/{rel}","templated":true}]}}